{"id":15154,"date":"2022-01-27T20:31:44","date_gmt":"2022-01-27T19:31:44","guid":{"rendered":"https:\/\/www.preventshield.se\/?page_id=15154"},"modified":"2022-01-27T21:30:33","modified_gmt":"2022-01-27T20:30:33","slug":"data-privacy","status":"publish","type":"page","link":"https:\/\/www.preventshield.se\/sv_se\/data-privacy\/","title":{"rendered":"Dataskyddspolicy"},"content":{"rendered":"<div class=\"wpb-content-wrapper\"><div id=\"data-protection\" class=\"vc_row wpb_row vc_row-fluid wpb_animate_when_almost_visible wpb_fadeInUp fadeInUp vc_custom_1643313246125\"><div class=\"wpb_column vc_column_container vc_col-sm-12\"><div class=\"vc_column-inner\"><div class=\"wpb_wrapper\"><div id=\"ultimate-heading-640369fb464a95811\" class=\"uvc-heading ult-adjust-bottom-margin ultimate-heading-640369fb464a95811 uvc-552\" data-hspacer=\"no_spacer\"  data-halign=\"center\" style=\"text-align:center\"><div class=\"uvc-heading-spacer no_spacer\" style=\"top\"><\/div><div class=\"uvc-main-heading ult-responsive\"  data-ultimate-target='.uvc-heading.ultimate-heading-640369fb464a95811 h3'  data-responsive-json-new='{\"font-size\":\"desktop:56px;mobile_landscape:40px;\",\"line-height\":\"desktop:66px;mobile_landscape:50px;\"}' ><h3 style=\"--font-weight:theme;margin-bottom:5px;\">Dataskyddspolicy<\/h3><\/div><div class=\"uvc-sub-heading ult-responsive\"  data-ultimate-target='.uvc-heading.ultimate-heading-640369fb464a95811 .uvc-sub-heading '  data-responsive-json-new='{\"font-size\":\"desktop:26px;mobile_landscape:20px;\",\"line-height\":\"desktop:36px;mobile_landscape:30px;\"}'  style=\"font-weight:normal;color:#adb0b6;margin-bottom:5px;\">DATASKYDD + SEKRETESSPOLICY<\/div><\/div><\/div><\/div><\/div><\/div><!-- Row Backgrounds --><div class=\"upb_color\" data-bg-override=\"ex-full\" data-bg-color=\"#f8f8f9\" data-fadeout=\"\" data-fadeout-percentage=\"30\" data-parallax-content=\"\" data-parallax-content-sense=\"30\" data-row-effect-mobile-disable=\"true\" data-img-parallax-mobile-disable=\"true\" data-rtl=\"false\"  data-custom-vc-row=\"\"  data-vc=\"7.7.1\"  data-is_old_vc=\"\"  data-theme-support=\"\"   data-overlay=\"false\" data-overlay-color=\"\" data-overlay-pattern=\"\" data-overlay-pattern-opacity=\"\" data-overlay-pattern-size=\"\"    ><\/div><div data-vc-full-width=\"true\" data-vc-full-width-init=\"false\" class=\"vc_row wpb_row vc_row-fluid vc_custom_1479917258305 vc_row-has-fill\"><div class=\"wpb_animate_when_almost_visible wpb_fadeInUp fadeInUp wpb_column vc_column_container vc_col-sm-12 vc_col-lg-12 vc_col-md-12 vc_col-xs-12\"><div class=\"vc_column-inner\"><div class=\"wpb_wrapper\">\n\t<div class=\"wpb_text_column wpb_content_element  vc_custom_1643315430317\" >\n\t\t<div class=\"wpb_wrapper\">\n\t\t\t<p>Vi p\u00e5 PREVENT SHIELD tackar dig f\u00f6r att du bes\u00f6ker v\u00e5r webbplats och visar intresse f\u00f6r v\u00e5rt f\u00f6retag.<\/p>\n<p>Vi tar skyddet av dina personuppgifter p\u00e5 stort allvar och vill att du ska k\u00e4nna dig trygg och s\u00e4ker n\u00e4r du surfar p\u00e5 v\u00e5ra webbsidor.<\/p>\n<p>Det ansvariga organet (personuppgiftsansvarig) i enlighet med dataskyddslagarna \u00e4r:<\/p>\n<p><strong>PREVENT SHIELD\u00ae \/ NST AB<\/strong><br \/>\nSvenarp 2<br \/>\n577 99 Paulistr\u00f6m<\/p>\n<p>T: +46 76-144 01 14<br \/>\nE: hello@preventshield.se<\/p>\n\n\t\t<\/div>\n\t<\/div>\n\n\t<div class=\"wpb_text_column wpb_content_element  vc_custom_1643312324816\" >\n\t\t<div class=\"wpb_wrapper\">\n\t\t\t<h4>INSAMLING OCH BEHANDLING AV PERSONUPPGIFTER<\/h4>\n<p>I allm\u00e4nhet kan du bes\u00f6ka PREVENT SHIELDs webbsidor utan att vi beh\u00f6ver n\u00e5gra personuppgifter fr\u00e5n dig. Vi f\u00e5r endast information om vilken IP-adress som h\u00e4mtade vilken sida vid vilken tidpunkt. Denna information analyseras f\u00f6r statistiska \u00e4ndam\u00e5l. Den enskilda bes\u00f6karen f\u00f6rblir anonym.<\/p>\n<p>P\u00e5 vissa sidor kan du ange personuppgifter som ditt namn och din adress i inmatningsf\u00e4lt. Dessa uppgifter behandlas endast f\u00f6r korrespondens med dig och i det syfte f\u00f6r vilket du l\u00e4mnade uppgifterna till oss. Om du kontaktar oss via ett formul\u00e4r \u00f6verf\u00f6rs de uppgifter du l\u00e4mnar krypterat. P\u00e5 s\u00e5 s\u00e4tt f\u00f6rhindras missbruk av uppgifterna av tredje part.<\/p>\n\n\t\t<\/div>\n\t<\/div>\n\n\t<div class=\"wpb_text_column wpb_content_element  vc_custom_1643312392188\" >\n\t\t<div class=\"wpb_wrapper\">\n\t\t\t<h4>F\u00c5 TILLG\u00c5NG TILL DATA\/SERVERLOGGFILER<\/h4>\n<p>PREVENT SHIELD samlar in uppgifter om varje \u00e5tkomst till erbjudandet (s\u00e5 kallade serverloggfiler). Uppgifterna om \u00e5tkomst omfattar f\u00f6ljande:<\/p>\n<p>Namn p\u00e5 den h\u00e4mtade webbsidan, fil, datum och tid f\u00f6r h\u00e4mtning, \u00f6verf\u00f6rd datavolym, meddelande om lyckad h\u00e4mtning, typ och version av webbl\u00e4sare, anv\u00e4ndarens operativsystem, h\u00e4nvisande URL (senast bes\u00f6kta sida), IP-adress och beg\u00e4rande leverant\u00f6r.<\/p>\n<p>PREVENT SHIELD anv\u00e4nder endast logguppgifter f\u00f6r statistisk analys i syfte att driva, s\u00e4kra och optimera erbjudandet. PREVENT SHIELD f\u00f6rbeh\u00e5ller sig dock r\u00e4tten att granska logguppgifter retroaktivt om det finns en ber\u00e4ttigad misstanke om olaglig anv\u00e4ndning som grundar sig p\u00e5 konkreta grunder.<\/p>\n\n\t\t<\/div>\n\t<\/div>\n\n\t<div class=\"wpb_text_column wpb_content_element  vc_custom_1643312396644\" >\n\t\t<div class=\"wpb_wrapper\">\n\t\t\t<h4>BEHANDLING AV PERSONUPPGIFTER<\/h4>\n<p>\"Personuppgifter: information som kan anv\u00e4ndas f\u00f6r att identifiera en person, dvs. information som kan sp\u00e5ras tillbaka till en specifik person. Namn, e-postadresser och telefonnummer \u00e4r alla personuppgifter. Uppgifter om preferenser, hobbies, medlemskap eller webbsidor som en person har tittat p\u00e5 anses ocks\u00e5 vara personuppgifter.<\/p>\n<p>Personuppgifter samlas in, anv\u00e4nds och vidarebefordras av PREVENT SHIELD endast om detta \u00e4r lagligt till\u00e5tet eller om anv\u00e4ndaren samtycker till att uppgifterna samlas in.<\/p>\n\n\t\t<\/div>\n\t<\/div>\n\n\t<div class=\"wpb_text_column wpb_content_element  vc_custom_1643312418716\" >\n\t\t<div class=\"wpb_wrapper\">\n\t\t\t<h4>SSL ENCRYPTION<\/h4>\n<p>F\u00f6r att skydda sekretessen f\u00f6r dina uppgifter under \u00f6verf\u00f6ringen anv\u00e4nder vi krypteringsmetoder som motsvarar den senaste tekniken (t.ex. SSL) via HTTPS.<\/p>\n\n\t\t<\/div>\n\t<\/div>\n\n\t<div class=\"wpb_text_column wpb_content_element  vc_custom_1643312479567\" >\n\t\t<div class=\"wpb_wrapper\">\n\t\t\t<h4>KONTAKT PREVENT SHIELD<\/h4>\n<p>Vi samlar in personuppgifter som du meddelar oss p\u00e5 eget initiativ, till exempel n\u00e4r du kontaktar oss. Vi anv\u00e4nder naturligtvis endast de personuppgifter som \u00f6verf\u00f6rs till oss p\u00e5 detta s\u00e4tt f\u00f6r det \u00e4ndam\u00e5l f\u00f6r vilket du gav oss uppgifterna n\u00e4r du kontaktade oss.<\/p>\n<p>\u00d6verf\u00f6ringen av denna information sker uttryckligen p\u00e5 frivillig basis och med ditt samtycke. I den m\u00e5n det r\u00f6r sig om information om kommunikationskanaler (t.ex. e-postadress och\/eller telefonnummer) samtycker du ocks\u00e5 till att vi kontaktar dig via dessa kommunikationskanaler f\u00f6r att besvara din f\u00f6rfr\u00e5gan.<\/p>\n<p>Du kan n\u00e4r som helst \u00e5terkalla ditt samtycke f\u00f6r framtiden. Kontakta \u00e4garen av PREVENT SHIELD (se kontaktuppgifter h\u00e4r).<\/p>\n\n\t\t<\/div>\n\t<\/div>\n\n\t<div class=\"wpb_text_column wpb_content_element  vc_custom_1643312489103\" >\n\t\t<div class=\"wpb_wrapper\">\n\t\t\t<h4>INTEGRERING AV TJ\u00c4NSTER OCH INNEH\u00c5LL FR\u00c5N TREDJE PART.<\/h4>\n<p>Inneh\u00e5ll fr\u00e5n tredje part, som till exempel kan omfatta YouTube-videor, Google Maps-material, Google-fonts eller grafik fr\u00e5n andra webbplatser kan integreras i detta onlineutbud. Detta kr\u00e4ver alltid att leverant\u00f6rerna av detta inneh\u00e5ll (nedan kallade \"tredjepartsleverant\u00f6rer\") har k\u00e4nnedom om anv\u00e4ndarens IP-adress, eftersom de inte skulle kunna skicka inneh\u00e5llet till respektive anv\u00e4ndares webbl\u00e4sare utan IP-adressen. IP-adressen \u00e4r d\u00e4rf\u00f6r n\u00f6dv\u00e4ndig f\u00f6r att inneh\u00e5llet ska kunna visas. Vi str\u00e4var efter att endast anv\u00e4nda inneh\u00e5ll vars respektive leverant\u00f6rer anv\u00e4nder IP-adressen enbart f\u00f6r att leverera inneh\u00e5llet. Vi har dock inget inflytande \u00f6ver om tredjepartsleverant\u00f6rerna t.ex. sparar IP-adressen f\u00f6r statistiska \u00e4ndam\u00e5l eller inte. Vi kommer att informera anv\u00e4ndarna om detta om vi f\u00e5r k\u00e4nnedom om detta.<\/p>\n<p>YouTube: Vi anv\u00e4nder YouTubes \"ut\u00f6kat dataskyddsl\u00e4ge\" f\u00f6r att b\u00e4dda in videor. En cookie som enligt YouTube inte inneh\u00e5ller n\u00e5gon personlig information sparas endast p\u00e5 din dator n\u00e4r du spelar upp videon. Mer information om insamling och anv\u00e4ndning av uppgifter finns i YouTubes sekretesspolicy p\u00e5 www.google.com\/intl\/de\/policies\/privacy\/.<\/p>\n<p>Den h\u00e4r webbplatsen anv\u00e4nder Google Maps API f\u00f6r visuell representation av geografisk information. N\u00e4r Google Maps anv\u00e4nds samlar Google ocks\u00e5 in, bearbetar och anv\u00e4nder data om anv\u00e4ndarnas anv\u00e4ndning av kartfunktionerna. Mer information om Googles databehandling finns i Googles sekretesspolicy. Du kan ocks\u00e5 \u00e4ndra dina sekretessinst\u00e4llningar f\u00f6r personuppgifter d\u00e4r i sekretesscentret.<\/p>\n<p>Google Fonts: F\u00f6r att v\u00e5rt inneh\u00e5ll ska kunna \u00e5terges korrekt och grafiskt tilltalande i alla webbl\u00e4sare anv\u00e4nder vi skriptbibliotek och bibliotek f\u00f6r teckensnitt som Google Fonts (www.google.com\/webfonts\/) p\u00e5 den h\u00e4r webbplatsen. Googles typsnitt \u00f6verf\u00f6rs till webbl\u00e4sarens cache s\u00e5 att de inte beh\u00f6ver laddas flera g\u00e5nger. Om webbl\u00e4saren inte har st\u00f6d f\u00f6r Googles typsnitt eller nekar \u00e5tkomst visas inneh\u00e5llet i ett standardtypsnitt.<\/p>\n<p>Anrop av skriptbibliotek eller bibliotek f\u00f6r teckensnitt utl\u00f6ser automatiskt en anslutning till bibliotekets operat\u00f6r. I teorin \u00e4r det m\u00f6jligt f\u00f6r operat\u00f6rerna av motsvarande bibliotek att samla in uppgifter, \u00e4ven om det inte \u00e4r klart om och i s\u00e5 fall i vilket syfte de skulle g\u00f6ra det.<\/p>\n<p>Biblioteksoperat\u00f6ren Googles sekretesspolicy finns p\u00e5 www.google.com\/policies\/privacy.<\/p>\n\n\t\t<\/div>\n\t<\/div>\n\n\t<div class=\"wpb_text_column wpb_content_element  vc_custom_1643312520966\" >\n\t\t<div class=\"wpb_wrapper\">\n\t\t\t<h4>COOKIES<\/h4>\n<p>Liksom m\u00e5nga andra webbplatser anv\u00e4nder vi s\u00e5 kallade cookies. Cookies \u00e4r sm\u00e5 textfiler som \u00f6verf\u00f6rs fr\u00e5n en webbplatsserver till din h\u00e5rddisk. Genom dem f\u00e5r vi automatiskt vissa uppgifter som din IP-adress, webbl\u00e4sare och operativsystem fr\u00e5n din dator och din internetanslutning.<\/p>\n<p>Cookies kan inte anv\u00e4ndas f\u00f6r att starta program eller sprida virus till en dator. Med hj\u00e4lp av informationen i cookies kan vi g\u00f6ra det l\u00e4ttare f\u00f6r dig att navigera och se till att v\u00e5ra webbsidor visas korrekt.<\/p>\n<p>Under no circumstances will the data collected by us be passed on to third parties or a link to personal data be established without your consent.<\/p>\n<p>Naturligtvis kan du ocks\u00e5 se v\u00e5r webbplats utan att aktivera cookies. Webbl\u00e4sare \u00e4r regelbundet inst\u00e4llda p\u00e5 att acceptera cookies. Du kan n\u00e4r som helst avaktivera anv\u00e4ndningen av cookies via inst\u00e4llningarna i din webbl\u00e4sare. Anv\u00e4nd webbl\u00e4sarens hj\u00e4lpfunktioner f\u00f6r att ta reda p\u00e5 hur du \u00e4ndrar dessa inst\u00e4llningar. Observera att vissa funktioner p\u00e5 v\u00e5r webbplats kanske inte fungerar om du avaktiverar anv\u00e4ndningen av cookies.<\/p>\n\n\t\t<\/div>\n\t<\/div>\n\n\t<div class=\"wpb_text_column wpb_content_element  vc_custom_1643312579279\" >\n\t\t<div class=\"wpb_wrapper\">\n\t\t\t<h4>\u00c5TERKALLELSE, \u00c4NDRINGAR, KORRIGERINGAR OCH UPPDATERINGAR<\/h4>\n<p>Vi f\u00f6rbeh\u00e5ller oss r\u00e4tten att ibland anpassa denna dataskyddsdeklaration s\u00e5 att den alltid \u00f6verensst\u00e4mmer med g\u00e4llande lagkrav eller att genomf\u00f6ra \u00e4ndringar av v\u00e5ra tj\u00e4nster i dataskyddsdeklarationen, t.ex. n\u00e4r nya tj\u00e4nster inf\u00f6rs. Den nya dataskyddsdeklarationen g\u00e4ller d\u00e5 f\u00f6r ditt n\u00e4sta bes\u00f6k.<\/p>\n\n\t\t<\/div>\n\t<\/div>\n\n\t<div class=\"wpb_text_column wpb_content_element  vc_custom_1643312599769\" >\n\t\t<div class=\"wpb_wrapper\">\n\t\t\t<h4>DATASKYDDSOMBUD<\/h4>\n<p>Om du har n\u00e5gra fr\u00e5gor om behandlingen av dina personuppgifter kan du kontakta v\u00e5rt dataskyddsombud, som ocks\u00e5 \u00e4r tillg\u00e4ngligt f\u00f6r att hantera beg\u00e4ran om tillg\u00e5ng, andra f\u00f6rfr\u00e5gningar eller klagom\u00e5l, p\u00e5 hello@preventshield.se.<\/p>\n\n\t\t<\/div>\n\t<\/div>\n<\/div><\/div><\/div><\/div><div class=\"vc_row-full-width vc_clearfix\"><\/div><!-- Row Backgrounds --><div class=\"upb_color\" data-bg-override=\"0\" data-bg-color=\"#ffffff\" data-fadeout=\"\" data-fadeout-percentage=\"30\" data-parallax-content=\"\" data-parallax-content-sense=\"30\" data-row-effect-mobile-disable=\"true\" data-img-parallax-mobile-disable=\"true\" data-rtl=\"false\"  data-custom-vc-row=\"\"  data-vc=\"7.7.1\"  data-is_old_vc=\"\"  data-theme-support=\"\"   data-overlay=\"false\" data-overlay-color=\"\" data-overlay-pattern=\"\" data-overlay-pattern-opacity=\"\" data-overlay-pattern-size=\"\"    data-seperator=\"true\"  data-seperator-type=\"triangle_svg_seperator\"  data-seperator-shape-size=\"40\"  data-seperator-svg-height=\"30\"  data-seperator-full-width=\"true\" data-seperator-position=\"top_seperator\"  data-seperator-background-color=\"#f8f8f9\"  data-icon=\"\"  ><\/div><div class=\"vc_row wpb_row vc_row-fluid vc_custom_1641678867710 vc_row-has-fill\"><div class=\"wpb_column vc_column_container vc_col-sm-12 vc_col-lg-offset-0 vc_col-md-offset-0 vc_col-sm-offset-0 vc_col-xs-12\"><div class=\"vc_column-inner\"><div class=\"wpb_wrapper\"><div class=\"vc_row wpb_row vc_inner vc_row-fluid vc_custom_1479056947997\"><div class=\"wpb_column vc_column_container vc_col-sm-6 vc_col-lg-3 vc_col-md-3\"><div class=\"vc_column-inner vc_custom_1479056919234\"><div class=\"wpb_wrapper\"><div class=\"ult-just-icon-wrapper   vc_custom_1641761792581\"><div class=\"align-icon\" style=\"text-align:center;\">\n<a class=\"aio-tooltip 69fb464a9a075\" href=\"https:\/\/www.nst-ab.se\" target=\"_blank\" rel=\"noopener\"  data-toggle=\"tooltip\" data-placement=\"\"><div class=\"aio-icon advanced\"  style=\"color:#7f9ed1;border-style:solid;border-color:#7f9ed1;border-width:2px;width:46px;height:46px;line-height:46px;border-radius:500px;font-size:18px;display:inline-block;\">\n\t<i class=\"icomoon-the7-font-the7-home-02\"><\/i>\n<\/div><\/a><\/div><\/div><div id=\"ultimate-heading-436369fb464a9a123\" class=\"uvc-heading ult-adjust-bottom-margin ultimate-heading-436369fb464a9a123 uvc-1807\" data-hspacer=\"no_spacer\"  data-halign=\"center\" style=\"text-align:center\"><div class=\"uvc-heading-spacer no_spacer\" style=\"top\"><\/div><div class=\"uvc-main-heading ult-responsive\"  data-ultimate-target='.uvc-heading.ultimate-heading-436369fb464a9a123 h2'  data-responsive-json-new='{\"font-size\":\"desktop:12px;\",\"line-height\":\"desktop:24px;\"}' ><h2 style=\"--font-weight:theme;color:rgba(255,255,255,0.5);margin-bottom:4px;\">NST AB<\/h2><\/div><div class=\"uvc-sub-heading ult-responsive\"  data-ultimate-target='.uvc-heading.ultimate-heading-436369fb464a9a123 .uvc-sub-heading '  data-responsive-json-new='{\"font-size\":\"desktop:16px;\",\"line-height\":\"desktop:28px;\"}'  style=\"font-weight:bold;color:#ffffff;margin-bottom:0px;\"><a href=\"https:\/\/www.nst-ab.se\" target=\"_blank\" rel=\"noopener\">Nordisk System Teknik<\/a><\/div><\/div><\/div><\/div><\/div><div class=\"wpb_column vc_column_container vc_col-sm-6 vc_col-lg-3 vc_col-md-3\"><div class=\"vc_column-inner vc_custom_1479056925834\"><div class=\"wpb_wrapper\"><div class=\"ult-just-icon-wrapper   vc_custom_1641761837879\"><div class=\"align-icon\" style=\"text-align:center;\">\n<a class=\"aio-tooltip 69fb464a9a483\" href=\"#\"  data-toggle=\"tooltip\" data-placement=\"\"><div class=\"aio-icon advanced\"  style=\"color:#7f9ed1;border-style:solid;border-color:#7f9ed1;border-width:2px;width:46px;height:46px;line-height:46px;border-radius:500px;font-size:18px;display:inline-block;\">\n\t<i class=\"icomoon-the7-font-the7-mail-011\"><\/i>\n<\/div><\/a><\/div><\/div><div id=\"ultimate-heading-638569fb464a9a4de\" class=\"uvc-heading ult-adjust-bottom-margin ultimate-heading-638569fb464a9a4de uvc-7885\" data-hspacer=\"no_spacer\"  data-halign=\"center\" style=\"text-align:center\"><div class=\"uvc-heading-spacer no_spacer\" style=\"top\"><\/div><div class=\"uvc-main-heading ult-responsive\"  data-ultimate-target='.uvc-heading.ultimate-heading-638569fb464a9a4de h2'  data-responsive-json-new='{\"font-size\":\"desktop:12px;\",\"line-height\":\"desktop:24px;\"}' ><h2 style=\"--font-weight:theme;color:rgba(255,255,255,0.5);margin-bottom:4px;\">EMAIL<\/h2><\/div><div class=\"uvc-sub-heading ult-responsive\"  data-ultimate-target='.uvc-heading.ultimate-heading-638569fb464a9a4de .uvc-sub-heading '  data-responsive-json-new='{\"font-size\":\"desktop:16px;\",\"line-height\":\"desktop:28px;\"}'  style=\"font-weight:bold;color:#ffffff;margin-bottom:0px;\"><a href=\"mailto:hej@preventshield.se\">hej@preventshield.se<\/a><\/div><\/div><\/div><\/div><\/div><div class=\"wpb_column vc_column_container vc_col-sm-6 vc_col-lg-3 vc_col-md-3\"><div class=\"vc_column-inner vc_custom_1479056942293\"><div class=\"wpb_wrapper\"><div class=\"ult-just-icon-wrapper   vc_custom_1641761896506\"><div class=\"align-icon\" style=\"text-align:center;\">\n<a class=\"aio-tooltip 69fb464a9a7b1\" href=\"#!\/contact\"  data-toggle=\"tooltip\" data-placement=\"\"><div class=\"aio-icon advanced\"  style=\"color:#7f9ed1;border-style:solid;border-color:#7f9ed1;border-width:2px;width:46px;height:46px;line-height:46px;border-radius:500px;font-size:18px;display:inline-block;\">\n\t<i class=\"icomoon-the7-font-the7-phone-05\"><\/i>\n<\/div><\/a><\/div><\/div><div id=\"ultimate-heading-951469fb464a9a7fa\" class=\"uvc-heading ult-adjust-bottom-margin ultimate-heading-951469fb464a9a7fa uvc-9430\" data-hspacer=\"no_spacer\"  data-halign=\"center\" style=\"text-align:center\"><div class=\"uvc-heading-spacer no_spacer\" style=\"top\"><\/div><div class=\"uvc-main-heading ult-responsive\"  data-ultimate-target='.uvc-heading.ultimate-heading-951469fb464a9a7fa h2'  data-responsive-json-new='{\"font-size\":\"desktop:12px;\",\"line-height\":\"desktop:24px;\"}' ><h2 style=\"--font-weight:theme;color:rgba(255,255,255,0.5);margin-bottom:4px;\">PHONE<\/h2><\/div><div class=\"uvc-sub-heading ult-responsive\"  data-ultimate-target='.uvc-heading.ultimate-heading-951469fb464a9a7fa .uvc-sub-heading '  data-responsive-json-new='{\"font-size\":\"desktop:16px;\",\"line-height\":\"desktop:28px;\"}'  style=\"font-weight:bold;color:#ffffff;margin-bottom:0px;\"><a href=\"https:\/\/www.preventshield.se\/sv_se\/#!\/contact\">+46 76-144 01 14<\/a><\/div><\/div><\/div><\/div><\/div><div class=\"wpb_column vc_column_container vc_col-sm-6 vc_col-lg-3 vc_col-md-2\"><div class=\"vc_column-inner vc_custom_1479056930986\"><div class=\"wpb_wrapper\"><div class=\"ult-just-icon-wrapper   vc_custom_1641761944940\"><div class=\"align-icon\" style=\"text-align:center;\">\n<a class=\"aio-tooltip 69fb464a9abcc\" href=\"https:\/\/www.facebook.se\" target=\"_blank\" rel=\"noopener\"  data-toggle=\"tooltip\" data-placement=\"\"><div class=\"aio-icon advanced\"  style=\"color:#7f9ed1;border-style:solid;border-color:#7f9ed1;border-width:2px;width:46px;height:46px;line-height:46px;border-radius:500px;font-size:18px;display:inline-block;\">\n\t<i class=\"icomoon-icomoonfree-16x16-facebook\"><\/i>\n<\/div><\/a><\/div><\/div><div id=\"ultimate-heading-585269fb464a9ac32\" class=\"uvc-heading ult-adjust-bottom-margin ultimate-heading-585269fb464a9ac32 uvc-9989\" data-hspacer=\"no_spacer\"  data-halign=\"center\" style=\"text-align:center\"><div class=\"uvc-heading-spacer no_spacer\" style=\"top\"><\/div><div class=\"uvc-main-heading ult-responsive\"  data-ultimate-target='.uvc-heading.ultimate-heading-585269fb464a9ac32 h2'  data-responsive-json-new='{\"font-size\":\"desktop:12px;\",\"line-height\":\"desktop:24px;\"}' ><h2 style=\"--font-weight:theme;color:rgba(255,255,255,0.5);margin-bottom:4px;\">FACEBOOK<\/h2><\/div><div class=\"uvc-sub-heading ult-responsive\"  data-ultimate-target='.uvc-heading.ultimate-heading-585269fb464a9ac32 .uvc-sub-heading '  data-responsive-json-new='{\"font-size\":\"desktop:16px;\",\"line-height\":\"desktop:26px;\"}'  style=\"font-weight:bold;color:#ffffff;margin-bottom:0px;\"><a href=\"https:\/\/www.facebook.se\" target=\"_blank\" rel=\"noopener\">@NordsikSystemTeknik<\/a><\/div><\/div><\/div><\/div><\/div><\/div><\/div><\/div><\/div><\/div><!-- Row Backgrounds --><div class=\"upb_bg_img\" data-ultimate-bg=\"url(https:\/\/www.preventshield.se\/wp-content\/uploads\/2022\/01\/BG-start-wp-2022-001.jpg)\" data-image-id=\"id^15063|url^https:\/\/www.preventshield.se\/wp-content\/uploads\/2022\/01\/BG-start-wp-2022-001.jpg|caption^null|alt^null|title^BG-start-wp-2022-001|description^null\" data-ultimate-bg-style=\"vcpb-vz-jquery\" data-bg-img-repeat=\"no-repeat\" data-bg-img-size=\"cover\" data-bg-img-position=\"\" data-parallx_sense=\"30\" data-bg-override=\"ex-full\" data-bg_img_attach=\"scroll\" data-upb-overlay-color=\"rgba(0,0,0,0.6)\" data-upb-bg-animation=\"\" data-fadeout=\"\" data-bg-animation=\"left-animation\" data-bg-animation-type=\"h\" data-animation-repeat=\"repeat\" data-fadeout-percentage=\"30\" data-parallax-content=\"\" data-parallax-content-sense=\"30\" data-row-effect-mobile-disable=\"true\" data-img-parallax-mobile-disable=\"true\" data-rtl=\"false\"  data-custom-vc-row=\"\"  data-vc=\"7.7.1\"  data-is_old_vc=\"\"  data-theme-support=\"\"   data-overlay=\"true\" data-overlay-color=\"rgba(0,0,0,0.6)\" data-overlay-pattern=\"\" data-overlay-pattern-opacity=\"0.8\" data-overlay-pattern-size=\"\" data-overlay-pattern-attachment=\"scroll\"    ><\/div>\n<\/div>","protected":false},"excerpt":{"rendered":"<p>DATA PRIVACYDATA PROTECTION + PRIVACY POLICY We at PREVENT SHIELD thank you for visiting our website and showing interest in our company. We take protection of your personal data very seriously and want you to feel safe and secure when browsing our webpages. The responsible body (data controller) in accordance with data protection laws is:&hellip;<\/p>","protected":false},"author":1,"featured_media":0,"parent":0,"menu_order":1,"comment_status":"closed","ping_status":"closed","template":"template-microsite.php","meta":{"footnotes":""},"class_list":["post-15154","page","type-page","status-publish","hentry","description-off"],"_links":{"self":[{"href":"https:\/\/www.preventshield.se\/sv_se\/wp-json\/wp\/v2\/pages\/15154","targetHints":{"allow":["GET"]}}],"collection":[{"href":"https:\/\/www.preventshield.se\/sv_se\/wp-json\/wp\/v2\/pages"}],"about":[{"href":"https:\/\/www.preventshield.se\/sv_se\/wp-json\/wp\/v2\/types\/page"}],"author":[{"embeddable":true,"href":"https:\/\/www.preventshield.se\/sv_se\/wp-json\/wp\/v2\/users\/1"}],"replies":[{"embeddable":true,"href":"https:\/\/www.preventshield.se\/sv_se\/wp-json\/wp\/v2\/comments?post=15154"}],"version-history":[{"count":12,"href":"https:\/\/www.preventshield.se\/sv_se\/wp-json\/wp\/v2\/pages\/15154\/revisions"}],"predecessor-version":[{"id":15171,"href":"https:\/\/www.preventshield.se\/sv_se\/wp-json\/wp\/v2\/pages\/15154\/revisions\/15171"}],"wp:attachment":[{"href":"https:\/\/www.preventshield.se\/sv_se\/wp-json\/wp\/v2\/media?parent=15154"}],"curies":[{"name":"wp","href":"https:\/\/api.w.org\/{rel}","templated":true}]}}